{"id":8789,"date":"2021-02-03T22:50:03","date_gmt":"2021-02-03T22:50:03","guid":{"rendered":"https:\/\/gle-lifts.com\/gracias-enviro-revolution-next-level-elevator\/"},"modified":"2021-02-04T09:19:51","modified_gmt":"2021-02-04T09:19:51","slug":"merci-enviro-revolution-next-level-elevator","status":"publish","type":"page","link":"https:\/\/gle-lifts.com\/fr\/merci-enviro-revolution-next-level-elevator\/","title":{"rendered":"Merci &#8211; Enviro Revolution Next Level Elevator"},"content":{"rendered":"<div class=\"fusion-fullwidth fullwidth-box fusion-builder-row-1 hundred-percent-fullwidth non-hundred-percent-height-scrolling\" style=\"background-color: rgba(255,255,255,0);background-position: center center;background-repeat: no-repeat;padding-top:0px;padding-right:0px;padding-bottom:0px;padding-left:0px;margin-bottom: 0px;margin-top: 0px;border-width: 0px 0px 0px 0px;border-color:#e2e2e2;border-style:solid;\" ><div class=\"fusion-builder-row fusion-row\"><div class=\"fusion-layout-column fusion_builder_column fusion-builder-column-0 fusion_builder_column_1_1 1_1 fusion-one-full fusion-column-first fusion-column-last\" style=\"margin-top:0px;margin-bottom:0px;\"><div class=\"fusion-column-wrapper fusion-flex-column-wrapper-legacy\" style=\"background-position:left top;background-repeat:no-repeat;-webkit-background-size:cover;-moz-background-size:cover;-o-background-size:cover;background-size:cover;padding: 0px 0px 0px 0px;\"><div id=\"contenedorLanding\">\n    <div>\n        <header id=\"cabecera\">\n            <hgroup>\n                <h1>\n                    <a \n                        href=\"\/fr\" \n                        title=\"GLE Global Lift Equipment\" \n                        accesskey=\"h\"\n                    >\n                        <img class=\"lazyload\" decoding=\"async\" src=\"data:image\/gif;base64,R0lGODlhAQABAAAAACH5BAEKAAEALAAAAAABAAEAAAICTAEAOw==\" data-orig-src=\"\/wp-content\/themes\/Avada-Child-Theme\/img\/landing\/revolution-enviro-next-level-elevator\/logoCabecera.png\" alt=\"GLE Global Lift Equipment\">\n                    <\/a>\n                <\/h1>\n                <h2>\n                    <img class=\"lazyload\" decoding=\"async\" src=\"data:image\/gif;base64,R0lGODlhAQABAAAAACH5BAEKAAEALAAAAAABAAEAAAICTAEAOw==\" data-orig-src=\"\/wp-content\/themes\/Avada-Child-Theme\/img\/landing\/revolution-enviro-next-level-elevator\/next-level-elevator.png\" alt=\"Revolution enviro - Next level elevator\">\n                <\/h2>\n            <\/hgroup>\n        <\/header>\n        <div id=\"contenedorFormulario\">\n            <div class=\"bloque\">\n                <div class=\"colFlex\">\n                    <img class=\"lazyload\" decoding=\"async\" src=\"data:image\/gif;base64,R0lGODlhAQABAAAAACH5BAEKAAEALAAAAAABAAEAAAICTAEAOw==\" data-orig-src=\"\/wp-content\/themes\/Avada-Child-Theme\/img\/landing\/revolution-enviro-next-level-elevator\/enviroRevolution.png\" alt=\"Revolution enviro - Next level elevator\">\n                <\/div>\n                <div class=\"colFlex\" id=\"mensajeAgradecimiento\">\n                    <span id=\"gracias\"><strong>Merci<\/strong> de t\u00e9l\u00e9charger notre catalogue<\/span>\n                    <div class=\"textoEditorGracias\">\n                        <p>Nous esp\u00e9rons qu'il vous aidera \u00e0 mieux conna\u00eetre l\u2019Enviro Revolution de GLE.<\/p>\n                    <\/div>\n                    <a \n                        href=\"\/wp-content\/uploads\/2021\/10\/ENVIRO-REVOLUTION-NUEVAS-CARGAS-FR.pdf\" \n                        title=\"T\u00c9L\u00c9CHARGER LA R\u00c9VOLUTION ENVIRO\" \n                        class=\"btn btnFrances enlaceExterno upper\"\n                    >\n                        <span>T\u00c9L\u00c9CHARGER LA R\u00c9VOLUTION ENVIRO<\/span>\n                    <\/a>\n                    <div class=\"textoEditorGracias\">\n                        <p>Cependant, si vous avez des questions, vous pouvez remplir le formulaire suivant:<\/p>\n                    <\/div>\n                    <div>\n                        <script charset=\"utf-8\" type=\"text\/javascript\" src=\"\/\/js.hsforms.net\/forms\/shell.js\"><\/script>\n                        <script>\n                        hbspt.forms.create({\n                                        portalId: \"5626355\",\n                                        formId: \"1e6df894-f82b-4604-babf-373848e717b8\"\n                        });\n                        <\/script>\n                    <\/div>\n                <\/div>\n            <\/div>\n        <\/div>\n        <div id=\"contenedorMensajePostFormulario\" class=\"fr\">\n            <div class=\"bloque\">\n                <div class=\"textoEditorLanding\">\n                    <img class=\"lazyload\" decoding=\"async\" src=\"data:image\/gif;base64,R0lGODlhAQABAAAAACH5BAEKAAEALAAAAAABAAEAAAICTAEAOw==\" data-orig-src=\"\/wp-content\/themes\/Avada-Child-Theme\/img\/landing\/revolution-enviro-next-level-elevator\/envirorevolution1.png\" alt=\"Revolution enviro - Next level elevator\">\n                <\/div>\n            <\/div>\n        <\/div>\n    <\/div>\n<\/div>\n<footer id=\"contenidoPie\">\n    <header>\n        <hgroup>\n            <h1>\n                <a \n                    href=\"\/\" \n                    title=\"GLE Global Lift Equipment\" \n                    accesskey=\"h\"\n                >\n                    <img class=\"lazyload\" decoding=\"async\" src=\"data:image\/gif;base64,R0lGODlhAQABAAAAACH5BAEKAAEALAAAAAABAAEAAAICTAEAOw==\" data-orig-src=\"\/wp-content\/themes\/Avada-Child-Theme\/img\/landing\/revolution-enviro-next-level-elevator\/logoCabecera.png\" alt=\"GLE Global Lift Equipment\">\n                <\/a>\n            <\/h1>\n            <h2>\n                <img class=\"lazyload\" decoding=\"async\" src=\"data:image\/gif;base64,R0lGODlhAQABAAAAACH5BAEKAAEALAAAAAABAAEAAAICTAEAOw==\" data-orig-src=\"\/wp-content\/themes\/Avada-Child-Theme\/img\/landing\/revolution-enviro-next-level-elevator\/next-level-elevator.png\" alt=\"Revolution enviro - Next level elevator\">\n            <\/h2>\n        <\/hgroup>\n    <\/header>\n<\/footer><div class=\"fusion-clearfix\"><\/div><\/div><\/div><\/div><\/div>\n","protected":false},"excerpt":{"rendered":"","protected":false},"author":1,"featured_media":0,"parent":0,"menu_order":0,"comment_status":"closed","ping_status":"closed","template":"100-width.php","meta":{"_monsterinsights_skip_tracking":false,"_monsterinsights_sitenote_active":false,"_monsterinsights_sitenote_note":"","_monsterinsights_sitenote_category":0,"footnotes":"","_links_to":"","_links_to_target":""},"class_list":["post-8789","page","type-page","status-publish","hentry"],"acf":[],"yoast_head":"<!-- This site is optimized with the Yoast SEO plugin v25.0 - https:\/\/yoast.com\/wordpress\/plugins\/seo\/ -->\n<title>Merci - Enviro Revolution Next Level Elevator - Ascensores Completos | Ascensores de Pasajeros | Montacargas | Cabinas \u00bb Global Lift Equipment-European Lifts Manufacturer<\/title>\n<meta name=\"robots\" content=\"index, follow, max-snippet:-1, max-image-preview:large, max-video-preview:-1\" \/>\n<link rel=\"canonical\" href=\"https:\/\/gle-lifts.com\/fr\/merci-enviro-revolution-next-level-elevator\/\" \/>\n<meta property=\"og:locale\" content=\"fr_FR\" \/>\n<meta property=\"og:type\" content=\"article\" \/>\n<meta property=\"og:title\" content=\"Merci - Enviro Revolution Next Level Elevator - Ascensores Completos | Ascensores de Pasajeros | Montacargas | Cabinas \u00bb Global Lift Equipment-European Lifts Manufacturer\" \/>\n<meta property=\"og:url\" content=\"https:\/\/gle-lifts.com\/fr\/merci-enviro-revolution-next-level-elevator\/\" \/>\n<meta property=\"og:site_name\" content=\"Ascensores Completos | Ascensores de Pasajeros | Montacargas | Cabinas \u00bb Global Lift Equipment-European Lifts Manufacturer\" \/>\n<meta property=\"article:modified_time\" content=\"2021-02-04T09:19:51+00:00\" \/>\n<meta name=\"twitter:card\" content=\"summary_large_image\" \/>\n<meta name=\"twitter:label1\" content=\"Dur\u00e9e de lecture estim\u00e9e\" \/>\n\t<meta name=\"twitter:data1\" content=\"3 minutes\" \/>\n<script type=\"application\/ld+json\" class=\"yoast-schema-graph\">{\"@context\":\"https:\/\/schema.org\",\"@graph\":[{\"@type\":\"WebPage\",\"@id\":\"https:\/\/gle-lifts.com\/fr\/merci-enviro-revolution-next-level-elevator\/\",\"url\":\"https:\/\/gle-lifts.com\/fr\/merci-enviro-revolution-next-level-elevator\/\",\"name\":\"Merci - Enviro Revolution Next Level Elevator - Ascensores Completos | Ascensores de Pasajeros | Montacargas | Cabinas \u00bb Global Lift Equipment-European Lifts Manufacturer\",\"isPartOf\":{\"@id\":\"https:\/\/gle-lifts.com\/#website\"},\"datePublished\":\"2021-02-03T22:50:03+00:00\",\"dateModified\":\"2021-02-04T09:19:51+00:00\",\"breadcrumb\":{\"@id\":\"https:\/\/gle-lifts.com\/fr\/merci-enviro-revolution-next-level-elevator\/#breadcrumb\"},\"inLanguage\":\"fr-FR\",\"potentialAction\":[{\"@type\":\"ReadAction\",\"target\":[\"https:\/\/gle-lifts.com\/fr\/merci-enviro-revolution-next-level-elevator\/\"]}]},{\"@type\":\"BreadcrumbList\",\"@id\":\"https:\/\/gle-lifts.com\/fr\/merci-enviro-revolution-next-level-elevator\/#breadcrumb\",\"itemListElement\":[{\"@type\":\"ListItem\",\"position\":1,\"name\":\"GLE\",\"item\":\"https:\/\/gle-lifts.com\/fr\/\"},{\"@type\":\"ListItem\",\"position\":2,\"name\":\"Merci &#8211; Enviro Revolution Next Level Elevator\"}]},{\"@type\":\"WebSite\",\"@id\":\"https:\/\/gle-lifts.com\/#website\",\"url\":\"https:\/\/gle-lifts.com\/\",\"name\":\"Ascensores Completos | Ascensores de Pasajeros | Montacargas | Cabinas \u00bb Global Lift Equipment-European Lifts Manufacturer\",\"description\":\"Global Lift Equipment-European Lifts Manufacturer\",\"potentialAction\":[{\"@type\":\"SearchAction\",\"target\":{\"@type\":\"EntryPoint\",\"urlTemplate\":\"https:\/\/gle-lifts.com\/?s={search_term_string}\"},\"query-input\":{\"@type\":\"PropertyValueSpecification\",\"valueRequired\":true,\"valueName\":\"search_term_string\"}}],\"inLanguage\":\"fr-FR\"}]}<\/script>\n<!-- \/ Yoast SEO plugin. -->","yoast_head_json":{"title":"Merci - Enviro Revolution Next Level Elevator - Ascensores Completos | Ascensores de Pasajeros | Montacargas | Cabinas \u00bb Global Lift Equipment-European Lifts Manufacturer","robots":{"index":"index","follow":"follow","max-snippet":"max-snippet:-1","max-image-preview":"max-image-preview:large","max-video-preview":"max-video-preview:-1"},"canonical":"https:\/\/gle-lifts.com\/fr\/merci-enviro-revolution-next-level-elevator\/","og_locale":"fr_FR","og_type":"article","og_title":"Merci - Enviro Revolution Next Level Elevator - Ascensores Completos | Ascensores de Pasajeros | Montacargas | Cabinas \u00bb Global Lift Equipment-European Lifts Manufacturer","og_url":"https:\/\/gle-lifts.com\/fr\/merci-enviro-revolution-next-level-elevator\/","og_site_name":"Ascensores Completos | Ascensores de Pasajeros | Montacargas | Cabinas \u00bb Global Lift Equipment-European Lifts Manufacturer","article_modified_time":"2021-02-04T09:19:51+00:00","twitter_card":"summary_large_image","twitter_misc":{"Dur\u00e9e de lecture estim\u00e9e":"3 minutes"},"schema":{"@context":"https:\/\/schema.org","@graph":[{"@type":"WebPage","@id":"https:\/\/gle-lifts.com\/fr\/merci-enviro-revolution-next-level-elevator\/","url":"https:\/\/gle-lifts.com\/fr\/merci-enviro-revolution-next-level-elevator\/","name":"Merci - Enviro Revolution Next Level Elevator - Ascensores Completos | Ascensores de Pasajeros | Montacargas | Cabinas \u00bb Global Lift Equipment-European Lifts Manufacturer","isPartOf":{"@id":"https:\/\/gle-lifts.com\/#website"},"datePublished":"2021-02-03T22:50:03+00:00","dateModified":"2021-02-04T09:19:51+00:00","breadcrumb":{"@id":"https:\/\/gle-lifts.com\/fr\/merci-enviro-revolution-next-level-elevator\/#breadcrumb"},"inLanguage":"fr-FR","potentialAction":[{"@type":"ReadAction","target":["https:\/\/gle-lifts.com\/fr\/merci-enviro-revolution-next-level-elevator\/"]}]},{"@type":"BreadcrumbList","@id":"https:\/\/gle-lifts.com\/fr\/merci-enviro-revolution-next-level-elevator\/#breadcrumb","itemListElement":[{"@type":"ListItem","position":1,"name":"GLE","item":"https:\/\/gle-lifts.com\/fr\/"},{"@type":"ListItem","position":2,"name":"Merci &#8211; Enviro Revolution Next Level Elevator"}]},{"@type":"WebSite","@id":"https:\/\/gle-lifts.com\/#website","url":"https:\/\/gle-lifts.com\/","name":"Ascensores Completos | Ascensores de Pasajeros | Montacargas | Cabinas \u00bb Global Lift Equipment-European Lifts Manufacturer","description":"Global Lift Equipment-European Lifts Manufacturer","potentialAction":[{"@type":"SearchAction","target":{"@type":"EntryPoint","urlTemplate":"https:\/\/gle-lifts.com\/?s={search_term_string}"},"query-input":{"@type":"PropertyValueSpecification","valueRequired":true,"valueName":"search_term_string"}}],"inLanguage":"fr-FR"}]}},"_links":{"self":[{"href":"https:\/\/gle-lifts.com\/fr\/wp-json\/wp\/v2\/pages\/8789","targetHints":{"allow":["GET"]}}],"collection":[{"href":"https:\/\/gle-lifts.com\/fr\/wp-json\/wp\/v2\/pages"}],"about":[{"href":"https:\/\/gle-lifts.com\/fr\/wp-json\/wp\/v2\/types\/page"}],"author":[{"embeddable":true,"href":"https:\/\/gle-lifts.com\/fr\/wp-json\/wp\/v2\/users\/1"}],"replies":[{"embeddable":true,"href":"https:\/\/gle-lifts.com\/fr\/wp-json\/wp\/v2\/comments?post=8789"}],"version-history":[{"count":0,"href":"https:\/\/gle-lifts.com\/fr\/wp-json\/wp\/v2\/pages\/8789\/revisions"}],"wp:attachment":[{"href":"https:\/\/gle-lifts.com\/fr\/wp-json\/wp\/v2\/media?parent=8789"}],"curies":[{"name":"wp","href":"https:\/\/api.w.org\/{rel}","templated":true}]}}