{"id":6770,"date":"2020-09-10T15:33:49","date_gmt":"2020-09-10T15:33:49","guid":{"rendered":"https:\/\/gle-lifts.com\/reformas\/"},"modified":"2020-11-11T13:49:54","modified_gmt":"2020-11-11T13:49:54","slug":"reforme-ascenseur","status":"publish","type":"page","link":"https:\/\/gle-lifts.com\/fr\/reforme-ascenseur\/","title":{"rendered":"Reforme ascenseur"},"content":{"rendered":"<p><div class=\"fusion-fullwidth fullwidth-box fusion-builder-row-1 nonhundred-percent-fullwidth non-hundred-percent-height-scrolling\" style=\"background-color: rgba(255,255,255,0);background-position: center center;background-repeat: no-repeat;padding-top:0px;padding-right:0px;padding-bottom:0px;padding-left:0px;margin-bottom: 0px;margin-top: 0px;border-width: 0px 0px 0px 0px;border-color:#e2e2e2;border-style:solid;\" id=\"contenedorReformasParteI\" ><div class=\"fusion-builder-row fusion-row\"><div class=\"fusion-layout-column fusion_builder_column fusion-builder-column-0 fusion_builder_column_1_2 1_2 fusion-one-half fusion-column-first colFlex\" style=\"width:50%;width:calc(50% - ( ( 0px ) * 0.5 ) );margin-right: 0px;margin-top:0px;margin-bottom:0px;\"><div class=\"fusion-column-wrapper fusion-flex-column-wrapper-legacy\" style=\"background-position:left top;background-repeat:no-repeat;-webkit-background-size:cover;-moz-background-size:cover;-o-background-size:cover;background-size:cover;padding: 0px 0px 0px 0px;\"><style type=\"text\/css\"><\/style><div class=\"fusion-title title fusion-title-1 fusion-sep-none fusion-title-text fusion-title-size-two tituloH2Apartado\" style=\"font-size:3.4rem;margin-top:0px;margin-right:0px;margin-bottom:35px;margin-left:0px;\"><h2 class=\"title-heading-left\" style=\"font-family:&quot;Montserrat&quot;;font-weight:500;margin:0;font-size:1em;color:#283583;line-height:140%;\">Chez GLE, nous avons la solution parfaite pour la r\u00e9forme de votre ascenseur<\/h2><\/div><div class=\"fusion-text fusion-text-1 textoEditor\"><p>Depuis de nombreuses ann\u00e9es, nous sommes sp\u00e9cialis\u00e9s dans la fabrication de solutions sp\u00e9ciales pour la r\u00e9novation d\u2019ascenseurs dans tous types de b\u00e2timents. Nous sommes habitu\u00e9s \u00e0 r\u00e9pondre aux sp\u00e9cifications de nos clients pour ce type de projets dans le monde entier. Y compris les ascenseurs non standard, les gaines r\u00e9duits, les espaces irr\u00e9guliers, les b\u00e2timents embl\u00e9matiques, etc.<\/p>\n<p>En suivant avec notre philosophie d\u2019orientation client, nous concevons et fabriquons les ascenseurs un par un, en respectant les particularit\u00e9s de chaque projet, client et b\u00e2timent. Notre bureau d\u2019\u00e9tudes r\u00e9alise une \u00e9tude approfondie de chaque cas et recommande la meilleure solution d\u2019ascenseur possible, cas par cas.<\/p>\n<p>L\u2019exp\u00e9rience de nos ing\u00e9nieurs, ainsi que notre sp\u00e9cialisation dans les normes et r\u00e9glementations internationales, nous ont permis de cr\u00e9er un mod\u00e8le d\u2019ascenseur compact pouvant s\u2019adapter aux gaines les plus difficiles, avec des mesures de fosse et de hauteur sous dalle consid\u00e9rablement r\u00e9duites. Apr\u00e8s l\u2019\u00e9tude d\u2019ing\u00e9nierie, nous donnerons \u00e0 notre client une \u00e9tude d\u00e9taill\u00e9e des composants qui doivent \u00eatre remplac\u00e9s, ainsi que ceux qui peuvent continuer \u00e0 \u00eatre utilis\u00e9s.<\/p>\n<\/div><div class=\"imageframe-align-center\"><style>.fusion-imageframe.imageframe-1{ margin-top : 35px;margin-right : 0px;margin-bottom : 0px;margin-left : 0px;}<\/style><span class=\" fusion-imageframe imageframe-none imageframe-1 hover-type-none\"><img decoding=\"async\" alt=\"En GLE tenemos la soluci\u00f3n perfecta para la reforma de su ascensor\" src=\"data:image\/gif;base64,R0lGODlhAQABAAAAACH5BAEKAAEALAAAAAABAAEAAAICTAEAOw==\" data-orig-src=\"\/wp-content\/uploads\/2020\/09\/gleAscensor-1.jpg\" class=\"lazyload img-responsive\"\/><\/span><\/div><div class=\"fusion-clearfix\"><\/div><\/div><\/div><div class=\"fusion-layout-column fusion_builder_column fusion-builder-column-1 fusion_builder_column_1_2 1_2 fusion-one-half fusion-column-last colFlex\" style=\"width:50%;width:calc(50% - ( ( 0px ) * 0.5 ) );margin-top:0px;margin-bottom:0px;\"><div class=\"fusion-column-wrapper fusion-flex-column-wrapper-legacy\" style=\"background-position:left top;background-repeat:no-repeat;-webkit-background-size:cover;-moz-background-size:cover;-o-background-size:cover;background-size:cover;padding: 0px 0px 0px 0px;\"><div class=\"imageframe-align-center\"><style>.fusion-imageframe.imageframe-2{ margin-top : 0px;margin-right : 0px;margin-bottom : 30px;margin-left : 0px;}<\/style><span class=\" fusion-imageframe imageframe-none imageframe-2 hover-type-none\"><img decoding=\"async\" alt=\"En GLE tenemos la soluci\u00f3n perfecta para la reforma de su ascensor\" src=\"data:image\/gif;base64,R0lGODlhAQABAAAAACH5BAEKAAEALAAAAAABAAEAAAICTAEAOw==\" data-orig-src=\"\/wp-content\/uploads\/2020\/09\/gleAscensor2.jpg\" class=\"lazyload img-responsive\"\/><\/span><\/div><div class=\"fusion-text fusion-text-2 textoEditor\"><p>Dans le cas o\u00f9 vous auriez besoin d\u2019une \u00e9tude particuli\u00e8re d\u2019un projet, n\u2019h\u00e9sitez pas \u00e0 t\u00e9l\u00e9charger le formulaire suivant et nous vous ferons un devis sans engagement. Veuillez, une fois termin\u00e9, l\u2019envoyer \u00e0 <a title=\"info@gle.com.es\" href=\"mailto:info@gle.com.es\">info@gle.com.es<\/a>.<\/p>\n<\/div><div class=\"imageframe-align-center\"><span class=\" fusion-imageframe imageframe-none imageframe-3 hover-type-zoomin\"><a class=\"fusion-no-lightbox\" href=\"\/wp-content\/uploads\/2020\/09\/Formulario-mod_GLE_form_ES_prog.pdf\" target=\"_self\"><img decoding=\"async\" alt=\"Descarga formulario de oferta\" src=\"data:image\/gif;base64,R0lGODlhAQABAAAAACH5BAEKAAEALAAAAAABAAEAAAICTAEAOw==\" data-orig-src=\"\/wp-content\/uploads\/2020\/09\/descargarOferta.jpg\" class=\"lazyload img-responsive\"\/><\/a><\/span><\/div><div class=\"fusion-aligncenter\"><style>.fusion-body .fusion-button.button-1{border-color:#ffffff;border-radius:0 0 0 0;background:#273583;}.fusion-body .fusion-button.button-1 .fusion-button-text,.fusion-body .fusion-button.button-1 i,.fusion-body .fusion-button.button-1:hover .fusion-button-text,.fusion-body .fusion-button.button-1:hover i,.fusion-body .fusion-button.button-1:focus .fusion-button-text,.fusion-body .fusion-button.button-1:focus i,.fusion-body .fusion-button.button-1:active .fusion-button-text,.fusion-body .fusion-button.button-1:active i{color:#ffffff;}.fusion-body .fusion-button.button-1:hover,.fusion-body .fusion-button.button-1:active,.fusion-body .fusion-button.button-1:focus{border-color:#ffffff;background:#333333;}<\/style><a class=\"fusion-button button-flat button-xlarge button-custom button-1 fusion-button-default-span fusion-button-default-type\" target=\"_blank\" rel=\"noopener noreferrer\" title=\"T\u00e9l\u00e9charger - Formulaire d&#039;offre\" href=\"\/wp-content\/uploads\/2020\/11\/Formulario-mod_GLE_form_EN_prog.pdf\" style=\"margin-right:0px;margin-left:0px;\"><i class=\"fa-file-pdf fas button-icon-left\" aria-hidden=\"true\"><\/i><span class=\"fusion-button-text\">T\u00e9l\u00e9charger &#8211; Formulaire d&rsquo;offre<\/span><\/a><\/div><div class=\"fusion-clearfix\"><\/div><\/div><\/div><\/div><\/div><div class=\"fusion-fullwidth fullwidth-box fusion-builder-row-2 nonhundred-percent-fullwidth non-hundred-percent-height-scrolling\" style=\"background-color: rgba(255,255,255,0);background-position: center center;background-repeat: no-repeat;padding-top:0px;padding-right:0px;padding-bottom:0px;padding-left:0px;margin-bottom: 0px;margin-top: 30px;border-width: 0px 0px 0px 0px;border-color:#e2e2e2;border-style:solid;\" id=\"contenedorParteIIIEmpresa\" ><div class=\"fusion-builder-row fusion-row\"><div class=\"fusion-layout-column fusion_builder_column fusion-builder-column-2 fusion_builder_column_1_2 1_2 fusion-one-half fusion-column-first colFlex\" style=\"width:50%;width:calc(50% - ( ( 0% ) * 0.5 ) );margin-right: 0%;margin-top:0px;margin-bottom:0px;\"><div class=\"fusion-column-wrapper fusion-flex-column-wrapper-legacy\" style=\"background-position:left top;background-repeat:no-repeat;-webkit-background-size:cover;-moz-background-size:cover;-o-background-size:cover;background-size:cover;padding: 0px 0px 0px 0px;\"><style type=\"text\/css\">@media only screen and (max-width:1100px) {.fusion-title.fusion-title-2{margin-top:0px!important;margin-bottom:20px!important;}}<\/style><div class=\"fusion-title title fusion-title-2 fusion-sep-none fusion-title-text fusion-title-size-two tituloH2Apartado\" style=\"font-size:3.6rem;margin-top:0px;margin-right:0px;margin-bottom:30px;margin-left:0px;\"><h2 class=\"title-heading-left\" style=\"font-family:&quot;Montserrat&quot;;font-weight:500;margin:0;font-size:1em;color:#283583;line-height:125%;\">Consultants des Ascenseurs<\/h2><\/div><div class=\"fusion-text fusion-text-3\"><p><strong>Conseils impartiaux d\u2019un fabricant internatonal<\/strong><\/p>\n<p>Chez GLE, nous offrons des conseils commerciaux et techniques complets. En tant que fournisseur, nous comprenons parfaitement vos besoins pr\u00e9cis. Global Lift Equipment est un fournisseur internacional.<\/p>\n<\/div><div class=\"fusion-clearfix\"><\/div><\/div><\/div><div class=\"fusion-layout-column fusion_builder_column fusion-builder-column-3 fusion_builder_column_1_2 1_2 fusion-one-half fusion-column-last colFlex\" style=\"width:50%;width:calc(50% - ( ( 0% ) * 0.5 ) );margin-top:0px;margin-bottom:0px;\"><div class=\"fusion-column-wrapper fusion-flex-column-wrapper-legacy\" style=\"background-position:left top;background-repeat:no-repeat;-webkit-background-size:cover;-moz-background-size:cover;-o-background-size:cover;background-size:cover;padding: 0px 0px 0px 0px;\"><style type=\"text\/css\">@media only screen and (max-width:1100px) {.fusion-title.fusion-title-3{margin-top:0px!important;margin-bottom:20px!important;}}<\/style><div class=\"fusion-title title fusion-title-3 fusion-sep-none fusion-title-text fusion-title-size-two tituloH2Apartado\" style=\"font-size:3.6rem;margin-top:0px;margin-right:0px;margin-bottom:30px;margin-left:0px;\"><h2 class=\"title-heading-left\" style=\"font-family:&quot;Montserrat&quot;;font-weight:500;margin:0;font-size:1em;color:#283583;line-height:125%;\">Contactez-nous<\/h2><\/div><nav class=\"fusion-menu-element-wrapper direction-column mode-dropdown expand-method-hover submenu-mode-dropdown mobile-mode-collapse-to-button mobile-size-full-absolute icons-position-left dropdown-carets-yes has-active-border-bottom-no has-active-border-left-no has-active-border-right-no mobile-trigger-fullwidth-off mobile-indent-on mobile-justify-left main-justify-left loading mega-menu-loading expand-right submenu-transition-opacity\" aria-label=\"Menu\" data-breakpoint=\"1024\" data-count=\"0\" data-transition-type=\"fade\" data-transition-time=\"300\"><button type=\"button\" class=\"avada-menu-mobile-menu-trigger no-text\" onClick=\"fusionNavClickExpandBtn(this);\" aria-expanded=\"false\" aria-controls=\"menu-contacte-con-nosotros\"><span class=\"inner\"><span class=\"collapsed-nav-text\"><span class=\"screen-reader-text\">Toggle Navigation<\/span><\/span><span class=\"collapsed-nav-icon\"><span class=\"collapsed-nav-icon-open fa-bars fas\"><\/span><span class=\"collapsed-nav-icon-close fa-times fas\"><\/span><\/span><\/span><\/button><style>.fusion-body .fusion-menu-element-wrapper[data-count=\"0\"]{margin-bottom:30px;}.fusion-body .fusion-menu-element-wrapper[data-count=\"0\"] .fusion-menu-element-list{flex-direction:column;font-family:inherit;font-weight:400;}.fusion-body .fusion-menu-element-wrapper[data-count=\"0\"] .fusion-menu-element-list > li,.fusion-body .fusion-menu-element-wrapper[data-count=\"0\"] .fusion-menu-element-list .fusion-megamenu-title,.fusion-body .fusion-menu-element-wrapper[data-count=\"0\"] .fusion-menu-element-list ul{text-transform:none;}.fusion-body .fusion-menu-element-wrapper[data-count=\"0\"]:not(.collapse-enabled) .fusion-menu-element-list > li.menu-item:focus-within > a .fusion-megamenu-icon{color:#65bc7b;}.fusion-body .fusion-menu-element-wrapper[data-count=\"0\"]:not(.collapse-enabled) .fusion-menu-element-list > li.menu-item:hover > a .fusion-megamenu-icon,.fusion-body .fusion-menu-element-wrapper[data-count=\"0\"]:not(.collapse-enabled) .fusion-menu-element-list > li.menu-item.hover > a .fusion-megamenu-icon,.fusion-body .fusion-menu-element-wrapper[data-count=\"0\"]:not(.collapse-enabled) .fusion-menu-element-list > li.menu-item:focus > a .fusion-megamenu-icon,.fusion-body .fusion-menu-element-wrapper[data-count=\"0\"]:not(.collapse-enabled) .fusion-menu-element-list > li.menu-item:active > a .fusion-megamenu-icon,.fusion-body .fusion-menu-element-wrapper[data-count=\"0\"]:not(.collapse-enabled) .fusion-menu-element-list > li.menu-item.current-menu-item > a .fusion-megamenu-icon{color:#65bc7b;}.fusion-body .fusion-menu-element-wrapper[data-count=\"0\"]:not(.collapse-enabled) .fusion-menu-element-list > li.menu-item.current-menu-ancestor > a .fusion-megamenu-icon{color:#65bc7b;}.fusion-body .fusion-menu-element-wrapper[data-count=\"0\"]:not(.collapse-enabled) .fusion-menu-element-list > li:not(.awb-flyout-top-level-no-link).menu-item.current-menu-parent > a .fusion-megamenu-icon{color:#65bc7b;}.fusion-body .fusion-menu-element-wrapper[data-count=\"0\"]:not(.collapse-enabled) .fusion-menu-element-list > li.menu-item.expanded > a .fusion-megamenu-icon{color:#65bc7b;}.fusion-body .fusion-menu-element-wrapper[data-count=\"0\"] .custom-menu-search-dropdown:hover .fusion-main-menu-icon,.fusion-body .fusion-menu-element-wrapper[data-count=\"0\"] .custom-menu-search-overlay:hover .fusion-menu-icon-search.trigger-overlay,.fusion-body .fusion-menu-element-wrapper[data-count=\"0\"] .custom-menu-search-overlay:hover ~ .fusion-overlay-search{color:#65bc7b !important;}.fusion-body .fusion-menu-element-wrapper[data-count=\"0\"] > .avada-menu-mobile-menu-trigger,.fusion-body .fusion-menu-element-wrapper[data-count=\"0\"] .fusion-menu-element-list .sub-menu > li,.fusion-body .fusion-menu-element-wrapper[data-count=\"0\"] .fusion-menu-element-list .sub-menu li a,.fusion-body .fusion-menu-element-wrapper[data-count=\"0\"].collapse-enabled,.fusion-body .fusion-menu-element-wrapper[data-count=\"0\"].collapse-enabled ul li > a,.fusion-body .fusion-menu-element-wrapper[data-count=\"0\"].collapse-enabled ul li > a .fusion-button{font-family:inherit;font-weight:400;}.fusion-body .fusion-menu-element-wrapper[data-count=\"0\"] [class*=\"awb-icon-\"],.fusion-body .fusion-menu-element-wrapper[data-count=\"0\"] [class^=\"awb-icon-\"],.fusion-body .fusion-menu-element-wrapper[data-count=\"0\"].collapse-enabled [class*=\"awb-icon-\"],.fusion-body .fusion-menu-element-wrapper[data-count=\"0\"].collapse-enabled [class^=\"awb-icon-\"]{font-family:inherit !important;}<\/style><ul id=\"menu-contacto-frances\" class=\"fusion-menu fusion-custom-menu fusion-menu-element-list\"><li  id=\"menu-item-6862\"  class=\"menu-item menu-item-type-custom menu-item-object-custom menu-item-6862\"  data-item-id=\"6862\"><span class=\"background-default transition-fade\"><\/span><span class=\"background-active transition-fade\"><\/span><a  href=\"\/fr\/contactez-nous\/#contenedorEquipoVentas\" class=\"fusion-background-highlight\"><span class=\"menu-text\">VENTES<\/span><\/a><\/li><li  id=\"menu-item-6863\"  class=\"menu-item menu-item-type-custom menu-item-object-custom menu-item-6863\"  data-item-id=\"6863\"><span class=\"background-default transition-fade\"><\/span><span class=\"background-active transition-fade\"><\/span><a  href=\"\/fr\/contactez-nous\/#contenedorSoporteTecnico\" class=\"fusion-background-highlight\"><span class=\"menu-text\">SUPPORT TECHNIQUE<\/span><\/a><\/li><li  id=\"menu-item-6864\"  class=\"menu-item menu-item-type-custom menu-item-object-custom menu-item-6864\"  data-item-id=\"6864\"><span class=\"background-default transition-fade\"><\/span><span class=\"background-active transition-fade\"><\/span><a  href=\"\/fr\/contactez-nous\/\" class=\"fusion-background-highlight\"><span class=\"menu-text\">CONTACTEZ-NOUS<\/span><\/a><\/li><\/ul><\/nav><div class=\"fusion-social-links fusion-social-links-1\"><div class=\"fusion-social-networks boxed-icons\"><div class=\"fusion-social-networks-wrapper\"><a class=\"fusion-social-network-icon fusion-tooltip fusion-facebook awb-icon-facebook\" style=\"color:#9ea0a4;font-size:2.4rem;width:61.2px;background-color:#f2f3f5;border-color:#f2f3f5;border-radius:4px;\" data-placement=\"top\" data-title=\"Facebook\" data-toggle=\"tooltip\" title=\"Facebook\" aria-label=\"facebook\" target=\"_blank\" rel=\"noopener noreferrer\" href=\"https:\/\/www.facebook.com\/pages\/Global-Lift-Equipment\/383482681679600\"><\/a><a class=\"fusion-social-network-icon fusion-tooltip fusion-twitter awb-icon-twitter\" style=\"color:#9ea0a4;font-size:2.4rem;width:61.2px;background-color:#f2f3f5;border-color:#f2f3f5;border-radius:4px;\" data-placement=\"top\" data-title=\"Twitter\" data-toggle=\"tooltip\" title=\"Twitter\" aria-label=\"twitter\" target=\"_blank\" rel=\"noopener noreferrer\" href=\"https:\/\/twitter.com\/glespain\"><\/a><a class=\"fusion-social-network-icon fusion-tooltip fusion-youtube awb-icon-youtube\" style=\"color:#9ea0a4;font-size:2.4rem;width:61.2px;background-color:#f2f3f5;border-color:#f2f3f5;border-radius:4px;\" data-placement=\"top\" data-title=\"YouTube\" data-toggle=\"tooltip\" title=\"YouTube\" aria-label=\"youtube\" target=\"_blank\" rel=\"noopener noreferrer\" href=\"https:\/\/www.youtube.com\/channel\/UCbMh3aCtKgvoiQxUleYyWKw\"><\/a><a class=\"fusion-social-network-icon fusion-tooltip fusion-linkedin awb-icon-linkedin\" style=\"color:#9ea0a4;font-size:2.4rem;width:61.2px;background-color:#f2f3f5;border-color:#f2f3f5;border-radius:4px;\" data-placement=\"top\" data-title=\"LinkedIn\" data-toggle=\"tooltip\" title=\"LinkedIn\" aria-label=\"linkedin\" target=\"_blank\" rel=\"noopener noreferrer\" href=\"https:\/\/www.linkedin.com\/company\/860121\"><\/a><\/div><\/div><\/div><style type=\"text\/css\">.fusion-social-links-1 .boxed-icons .fusion-social-network-icon{border-top-width:0px !important;border-right-width:0px !important;border-bottom-width:0px !important;border-left-width:0px !important;border-color:var(--awb-color3) !important;padding-top: !important;padding-right: !important;padding-bottom: !important;padding-left: !important;}.fusion-social-links-1 .boxed-icons .fusion-social-network-icon:hover{background-color:rgba(242,243,245,0.8) !important;border-color:var(--awb-color4) !important;}.fusion-social-links-1 .fusion-social-network-icon:hover{color:rgba(158,160,164,0.8) !important;}.fusion-social-links-1{ margin-top : 0px;margin-right : 0px;margin-bottom : 0px;margin-left : 0px;}<\/style><div class=\"fusion-clearfix\"><\/div><\/div><\/div><\/div><\/div><div class=\"fusion-fullwidth fullwidth-box fusion-builder-row-3 nonhundred-percent-fullwidth non-hundred-percent-height-scrolling\" style=\"background-color: rgba(255,255,255,0);background-position: center center;background-repeat: no-repeat;padding-top:0px;padding-right:0px;padding-bottom:0px;padding-left:0px;margin-bottom: 0px;margin-top: 50px;border-width: 0px 0px 0px 0px;border-color:#e2e2e2;border-style:solid;\" id=\"contenedorReformasParteIII\" ><div class=\"fusion-builder-row fusion-row\"><div class=\"fusion-layout-column fusion_builder_column fusion-builder-column-4 fusion_builder_column_1_1 1_1 fusion-one-full fusion-column-first fusion-column-last\" style=\"margin-top:0px;margin-bottom:0px;\"><div class=\"fusion-column-wrapper fusion-flex-column-wrapper-legacy\" style=\"background-position:left top;background-repeat:no-repeat;-webkit-background-size:cover;-moz-background-size:cover;-o-background-size:cover;background-size:cover;padding: 0px 0px 0px 0px;\"><style type=\"text\/css\">@media only screen and (max-width:1100px) {.fusion-title.fusion-title-4{margin-top:0px!important;margin-bottom:35px!important;}}<\/style><div class=\"fusion-title title fusion-title-4 fusion-sep-none fusion-title-text fusion-title-size-three tituloH3Apartado\" style=\"font-size:2rem;margin-top:0px;margin-right:0px;margin-bottom:35px;margin-left:0px;\"><h3 class=\"title-heading-left\" style=\"font-family:&quot;Montserrat&quot;;font-weight:500;margin:0;font-size:1em;color:#283583;line-height:125%;\">Merci de trouver ci-dessous quelques de nos mod\u00e8les et packages de r\u00e9novation les plus populaires:<\/h3><\/div>[products ids=\"3107,3082,3101\"]<div class=\"fusion-clearfix\"><\/div><\/div><\/div><\/div><\/div><\/p>\n","protected":false},"excerpt":{"rendered":"","protected":false},"author":1,"featured_media":0,"parent":0,"menu_order":0,"comment_status":"closed","ping_status":"closed","template":"","meta":{"_monsterinsights_skip_tracking":false,"_monsterinsights_sitenote_active":false,"_monsterinsights_sitenote_note":"","_monsterinsights_sitenote_category":0,"footnotes":"","_links_to":"","_links_to_target":""},"class_list":["post-6770","page","type-page","status-publish","hentry"],"acf":[],"yoast_head":"<!-- This site is optimized with the Yoast SEO plugin v25.0 - https:\/\/yoast.com\/wordpress\/plugins\/seo\/ -->\n<title>Reforme ascenseur - Ascensores Completos | Ascensores de Pasajeros | Montacargas | Cabinas \u00bb Global Lift Equipment-European Lifts Manufacturer<\/title>\n<meta name=\"robots\" content=\"index, follow, max-snippet:-1, max-image-preview:large, max-video-preview:-1\" \/>\n<link rel=\"canonical\" href=\"https:\/\/gle-lifts.com\/fr\/reforme-ascenseur\/\" \/>\n<meta property=\"og:locale\" content=\"fr_FR\" \/>\n<meta property=\"og:type\" content=\"article\" \/>\n<meta property=\"og:title\" content=\"Reforme ascenseur - Ascensores Completos | Ascensores de Pasajeros | Montacargas | Cabinas \u00bb Global Lift Equipment-European Lifts Manufacturer\" \/>\n<meta property=\"og:url\" content=\"https:\/\/gle-lifts.com\/fr\/reforme-ascenseur\/\" \/>\n<meta property=\"og:site_name\" content=\"Ascensores Completos | Ascensores de Pasajeros | Montacargas | Cabinas \u00bb Global Lift Equipment-European Lifts Manufacturer\" \/>\n<meta property=\"article:modified_time\" content=\"2020-11-11T13:49:54+00:00\" \/>\n<meta name=\"twitter:card\" content=\"summary_large_image\" \/>\n<meta name=\"twitter:label1\" content=\"Dur\u00e9e de lecture estim\u00e9e\" \/>\n\t<meta name=\"twitter:data1\" content=\"22 minutes\" \/>\n<script type=\"application\/ld+json\" class=\"yoast-schema-graph\">{\"@context\":\"https:\/\/schema.org\",\"@graph\":[{\"@type\":\"WebPage\",\"@id\":\"https:\/\/gle-lifts.com\/fr\/reforme-ascenseur\/\",\"url\":\"https:\/\/gle-lifts.com\/fr\/reforme-ascenseur\/\",\"name\":\"Reforme ascenseur - Ascensores Completos | Ascensores de Pasajeros | Montacargas | Cabinas \u00bb Global Lift Equipment-European Lifts Manufacturer\",\"isPartOf\":{\"@id\":\"https:\/\/gle-lifts.com\/#website\"},\"datePublished\":\"2020-09-10T15:33:49+00:00\",\"dateModified\":\"2020-11-11T13:49:54+00:00\",\"breadcrumb\":{\"@id\":\"https:\/\/gle-lifts.com\/fr\/reforme-ascenseur\/#breadcrumb\"},\"inLanguage\":\"fr-FR\",\"potentialAction\":[{\"@type\":\"ReadAction\",\"target\":[\"https:\/\/gle-lifts.com\/fr\/reforme-ascenseur\/\"]}]},{\"@type\":\"BreadcrumbList\",\"@id\":\"https:\/\/gle-lifts.com\/fr\/reforme-ascenseur\/#breadcrumb\",\"itemListElement\":[{\"@type\":\"ListItem\",\"position\":1,\"name\":\"GLE\",\"item\":\"https:\/\/gle-lifts.com\/fr\/\"},{\"@type\":\"ListItem\",\"position\":2,\"name\":\"Reforme ascenseur\"}]},{\"@type\":\"WebSite\",\"@id\":\"https:\/\/gle-lifts.com\/#website\",\"url\":\"https:\/\/gle-lifts.com\/\",\"name\":\"Ascensores Completos | Ascensores de Pasajeros | Montacargas | Cabinas \u00bb Global Lift Equipment-European Lifts Manufacturer\",\"description\":\"Global Lift Equipment-European Lifts Manufacturer\",\"potentialAction\":[{\"@type\":\"SearchAction\",\"target\":{\"@type\":\"EntryPoint\",\"urlTemplate\":\"https:\/\/gle-lifts.com\/?s={search_term_string}\"},\"query-input\":{\"@type\":\"PropertyValueSpecification\",\"valueRequired\":true,\"valueName\":\"search_term_string\"}}],\"inLanguage\":\"fr-FR\"}]}<\/script>\n<!-- \/ Yoast SEO plugin. -->","yoast_head_json":{"title":"Reforme ascenseur - Ascensores Completos | Ascensores de Pasajeros | Montacargas | Cabinas \u00bb Global Lift Equipment-European Lifts Manufacturer","robots":{"index":"index","follow":"follow","max-snippet":"max-snippet:-1","max-image-preview":"max-image-preview:large","max-video-preview":"max-video-preview:-1"},"canonical":"https:\/\/gle-lifts.com\/fr\/reforme-ascenseur\/","og_locale":"fr_FR","og_type":"article","og_title":"Reforme ascenseur - Ascensores Completos | Ascensores de Pasajeros | Montacargas | Cabinas \u00bb Global Lift Equipment-European Lifts Manufacturer","og_url":"https:\/\/gle-lifts.com\/fr\/reforme-ascenseur\/","og_site_name":"Ascensores Completos | Ascensores de Pasajeros | Montacargas | Cabinas \u00bb Global Lift Equipment-European Lifts Manufacturer","article_modified_time":"2020-11-11T13:49:54+00:00","twitter_card":"summary_large_image","twitter_misc":{"Dur\u00e9e de lecture estim\u00e9e":"22 minutes"},"schema":{"@context":"https:\/\/schema.org","@graph":[{"@type":"WebPage","@id":"https:\/\/gle-lifts.com\/fr\/reforme-ascenseur\/","url":"https:\/\/gle-lifts.com\/fr\/reforme-ascenseur\/","name":"Reforme ascenseur - Ascensores Completos | Ascensores de Pasajeros | Montacargas | Cabinas \u00bb Global Lift Equipment-European Lifts Manufacturer","isPartOf":{"@id":"https:\/\/gle-lifts.com\/#website"},"datePublished":"2020-09-10T15:33:49+00:00","dateModified":"2020-11-11T13:49:54+00:00","breadcrumb":{"@id":"https:\/\/gle-lifts.com\/fr\/reforme-ascenseur\/#breadcrumb"},"inLanguage":"fr-FR","potentialAction":[{"@type":"ReadAction","target":["https:\/\/gle-lifts.com\/fr\/reforme-ascenseur\/"]}]},{"@type":"BreadcrumbList","@id":"https:\/\/gle-lifts.com\/fr\/reforme-ascenseur\/#breadcrumb","itemListElement":[{"@type":"ListItem","position":1,"name":"GLE","item":"https:\/\/gle-lifts.com\/fr\/"},{"@type":"ListItem","position":2,"name":"Reforme ascenseur"}]},{"@type":"WebSite","@id":"https:\/\/gle-lifts.com\/#website","url":"https:\/\/gle-lifts.com\/","name":"Ascensores Completos | Ascensores de Pasajeros | Montacargas | Cabinas \u00bb Global Lift Equipment-European Lifts Manufacturer","description":"Global Lift Equipment-European Lifts Manufacturer","potentialAction":[{"@type":"SearchAction","target":{"@type":"EntryPoint","urlTemplate":"https:\/\/gle-lifts.com\/?s={search_term_string}"},"query-input":{"@type":"PropertyValueSpecification","valueRequired":true,"valueName":"search_term_string"}}],"inLanguage":"fr-FR"}]}},"_links":{"self":[{"href":"https:\/\/gle-lifts.com\/fr\/wp-json\/wp\/v2\/pages\/6770","targetHints":{"allow":["GET"]}}],"collection":[{"href":"https:\/\/gle-lifts.com\/fr\/wp-json\/wp\/v2\/pages"}],"about":[{"href":"https:\/\/gle-lifts.com\/fr\/wp-json\/wp\/v2\/types\/page"}],"author":[{"embeddable":true,"href":"https:\/\/gle-lifts.com\/fr\/wp-json\/wp\/v2\/users\/1"}],"replies":[{"embeddable":true,"href":"https:\/\/gle-lifts.com\/fr\/wp-json\/wp\/v2\/comments?post=6770"}],"version-history":[{"count":0,"href":"https:\/\/gle-lifts.com\/fr\/wp-json\/wp\/v2\/pages\/6770\/revisions"}],"wp:attachment":[{"href":"https:\/\/gle-lifts.com\/fr\/wp-json\/wp\/v2\/media?parent=6770"}],"curies":[{"name":"wp","href":"https:\/\/api.w.org\/{rel}","templated":true}]}}