{"id":6599,"date":"2020-06-29T08:09:39","date_gmt":"2020-06-29T08:09:39","guid":{"rendered":"https:\/\/gle-lifts.com\/politica-privacidad\/"},"modified":"2020-11-23T18:13:05","modified_gmt":"2020-11-23T18:13:05","slug":"politique-de-confidentialite","status":"publish","type":"page","link":"https:\/\/gle-lifts.com\/fr\/politique-de-confidentialite\/","title":{"rendered":"Politique de confidentialit\u00e9"},"content":{"rendered":"<div class=\"fusion-fullwidth fullwidth-box fusion-builder-row-1 nonhundred-percent-fullwidth non-hundred-percent-height-scrolling\" style=\"background-color: rgba(255,255,255,0);background-position: center center;background-repeat: no-repeat;padding-top:0px;padding-right:0px;padding-bottom:0px;padding-left:0px;margin-bottom: 60px;margin-top: 60px;border-width: 0px 0px 0px 0px;border-color:#e2e2e2;border-style:solid;\" ><div class=\"fusion-builder-row fusion-row\"><div class=\"fusion-layout-column fusion_builder_column fusion-builder-column-0 fusion_builder_column_1_1 1_1 fusion-one-full fusion-column-first fusion-column-last\" style=\"margin-top:0px;margin-bottom:0px;\"><div class=\"fusion-column-wrapper fusion-flex-column-wrapper-legacy\" style=\"background-position:left top;background-repeat:no-repeat;-webkit-background-size:cover;-moz-background-size:cover;-o-background-size:cover;background-size:cover;padding: 0px 0px 0px 0px;\"><div class=\"fusion-text fusion-text-1 textoEditor\"><p><strong>POLITIQUE DE PROTECTION DES DONN\u00c9ES PERSONNELLES DU GLE, S.L.<\/strong><\/p>\n<p>Cher utilisateur\/client\/fournisseur\/partenaire,<\/p>\n<p>Conform\u00e9ment \u00e0 la Loi organique n\u00ba 15\/1999 du 13 d\u00e9cembre 1999 relative \u00e0 la protection des donn\u00e9es \u00e0 caract\u00e8re personnel, et au R\u00e8glement UE 2016\/679 du Parlement europ\u00e9en et du Conseil du 27 avril 2016 relatif \u00e0 la protection des donn\u00e9es, nous vous informons des \u00e9l\u00e9ments suivants:<\/p>\n<ol>\n<li><strong>a) Responsable du traitement.<\/strong><\/li>\n<\/ol>\n<p>Les donn\u00e9es personnelles relatives aux personnes physiques que vous nous avez fournies via les formulaires du site web seront trait\u00e9es de fa\u00e7on automatis\u00e9e et enregistr\u00e9es sur les fichiers informatiques ayant pour responsable la soci\u00e9t\u00e9 GLOBAL LIFT EQUIPMENT, S.L., S.L., num\u00e9ro fiscal B39463740, ayant son si\u00e8ge social \u00e0 Malia\u00f1o (Espagne), calle Raos-Galera, n\u00ba33 (CP-39600), et dont le courriel est : <a href=\"mailto:lopd@imem.com\">lopd@gle.com.es<\/a><\/p>\n<p>Les formulaires disponibles sur le pr\u00e9sent site web contiennent un r\u00e9sum\u00e9 de la pr\u00e9sente politique de protection des donn\u00e9es. Les personnes sollicitant les services du GLE, S.L. doivent accepter express\u00e9ment ladite politique en apposant leur signature dans l\u2019espace pr\u00e9vu \u00e0 cet effet.<\/p>\n<p>En envoyant les formulaires disponibles sur le pr\u00e9sent site et sur lesquels figurent son acceptation explicite et sa signature, la personne sollicitant les services consent express\u00e9ment et clairement au traitement automatis\u00e9 de ses donn\u00e9es \u00e0 caract\u00e8re personnel, conform\u00e9ment \u00e0 la pr\u00e9sente Politique.<\/p>\n<p>Cela \u00e9tant, tout utilisateur est en droit \u00e0 tout moment de retirer son consentement.<\/p>\n<p>Le GLE, S.L. n\u2019a pas d\u00e9sign\u00e9, \u00e0 ce jour, de Responsable de la protection des donn\u00e9es, du fait qu\u2019il n\u2019y est pas oblig\u00e9 par la r\u00e9glementation en vigueur.<\/p>\n<ol>\n<li><strong>b) Finalit\u00e9 de la collecte des donn\u00e9es.<\/strong><\/li>\n<\/ol>\n<p>La collecte et le traitement des donn\u00e9es sont effectu\u00e9s aux fins suivantes :<\/p>\n<ul>\n<li>Envoi d\u2019offres commerciales, devis, budgets et\/ou documents techniques et solutions techniques.<\/li>\n<li>Envoi d\u2019informations commerciales relatives \u00e0 l\u2019entreprise et aux nouveaux produits, promotions, actualit\u00e9s ou nouveaut\u00e9s de l\u2019entreprise.<\/li>\n<li>Contact commercial pour offres et promotions dans le cadre de campagnes classiques ou exceptionnelles.<\/li>\n<li>Contact commercial pour enqu\u00eates de satisfaction et sondages.<\/li>\n<li>Gestion des services, installations et fournitures des \u00e9quipements souscrits.<\/li>\n<li>Gestion administrative des contrats, d\u00e9marches techniques, facturation et gestion des taxes, paiements et d\u00e9fauts de paiement.<\/li>\n<li>Devoir d\u2019information aupr\u00e8s de l\u2019Administration publique conform\u00e9ment \u00e0 ce que pr\u00e9voient le droit du travail, le droit fiscal et\/ou le droit administratif en vigueur.<\/li>\n<\/ul>\n<ol>\n<li><strong>c) Fondement juridique.<\/strong><\/li>\n<\/ol>\n<p>La collecte et le traitement de vos donn\u00e9es personnelles r\u00e9pond \u00e0 la n\u00e9cessit\u00e9 de respecter les obligations l\u00e9gales et de mener la bonne ex\u00e9cution de nos contrats et relations commerciales et de travail dans nos groupes d\u2019int\u00e9r\u00eat, ainsi que pour vous apporter le maximum de satisfaction.<\/p>\n<ol>\n<li><strong>d) Dur\u00e9e de conservation des donn\u00e9es.<\/strong><\/li>\n<\/ol>\n<p>Les donn\u00e9es personnelles collect\u00e9es seront conserv\u00e9es et trait\u00e9es pendant toute la dur\u00e9e des relations commerciales et\/ou de travail, sauf si la personne concern\u00e9e exerce son droit d\u2019opposition au traitement, sans pr\u00e9judice de leur conservation sous forme de donn\u00e9es bloqu\u00e9es pendant les d\u00e9lais de conservation obligatoires pr\u00e9vus par la loi.<\/p>\n<ol>\n<li><strong>e) Destinataires de l\u2019information et cession des donn\u00e9es.<\/strong><\/li>\n<\/ol>\n<p>Les donn\u00e9es collect\u00e9es aupr\u00e8s des utilisateurs ne seront c\u00e9d\u00e9es \u00e0 aucun tiers et ne seront utilis\u00e9es qu\u2019aux fins sp\u00e9cifi\u00e9es au paragraphe b).<\/p>\n<p>Les donn\u00e9es collect\u00e9es aupr\u00e8s des utilisateurs ne seront c\u00e9d\u00e9es que si une telle cession est n\u00e9cessaire au respect des obligations fiscales, sociales et de pr\u00e9vention des risques du travail et uniquement dans la mesure o\u00f9 une norme de la l\u00e9gislation espagnole ou europ\u00e9enne le pr\u00e9voit.<\/p>\n<p>Aucune autre cession de donn\u00e9es ou transfert de donn\u00e9es vers un pays tiers n\u2019est pr\u00e9vu\/e.<\/p>\n<ol>\n<li><strong>f) Nature obligatoire ou facultative de vos r\u00e9ponses et cons\u00e9quences li\u00e9es \u00e0 l\u2019acceptation ou au refus de fournir les donn\u00e9es.<\/strong><\/li>\n<\/ol>\n<p>Les rubriques des formulaires \u00e0 renseigner obligatoirement sont signal\u00e9es par un ast\u00e9risque ou un autre symbole. L\u2019utilisateur est invit\u00e9 \u00e0 renseigner ces rubriques car elles sont absolument n\u00e9cessaires \u00e0 la prestation du service qu\u2019il demande. En effet, si l\u2019utilisateur d\u00e9cide de ne pas remplir l\u2019une quelconque de ces rubriques, nous ne serons pas en mesure de fournir de fa\u00e7on satisfaisante le service propos\u00e9 sur le site.<\/p>\n<ol>\n<li><strong>g) Droits des utilisateurs.<\/strong><\/li>\n<\/ol>\n<p>Les utilisateurs ont le droit d\u2019acc\u00e9der \u00e0 leurs donn\u00e9es personnelles, de les rectifier ou de les effacer, de demander la limitation de leur traitement ou de s\u2019y opposer, de s\u2019opposer \u00e0 leur portabilit\u00e9, de refuser de faire l\u2019objet de d\u00e9cisions fond\u00e9es uniquement sur le traitement automatis\u00e9 de leurs donn\u00e9es et de retirer le consentement donn\u00e9. Ils ont en outre le droit de porter r\u00e9clamation aupr\u00e8s des autorit\u00e9s de contr\u00f4le.<\/p>\n<p>Les utilisateurs peuvent exercer leurs droits et, de fa\u00e7on g\u00e9n\u00e9rale, s\u2019enqu\u00e9rir de toutes les questions relatives au traitement de leurs donn\u00e9es personnelles, en s\u2019adressant pour ce faire et par \u00e9crit \u00e0 l\u2019\u00e9tablissement responsable, GLOBAL LIFT EQUIPMENT, S.L., S.L., soit par e-mail \u00e0 l\u2019adresse <a href=\"mailto:lopd@imem.com\">lopd@gle.com.es<\/a>, soit par courrier postal \u00e0 l\u2019adresse suivante : calle Raos-Galera, n\u00ba33, 39600-Malia\u00f1o (Espagne), en pr\u00e9cisant dans les deux cas la r\u00e9f\u00e9rence \u00ab Atenci\u00f3n al cliente \u2013 Protecci\u00f3n de datos \u00bb (\u00ab Service client\u00e8le \u2013 Protection des donn\u00e9es \u00bb), et en annexant \u00e0 leur demande une copie de leur carte nationale d\u2019identit\u00e9 ou autre pi\u00e8ce d\u2019identit\u00e9 officielle.<\/p>\n<p>L\u2019utilisateur qui consid\u00e8re qu\u2019il n\u2019a pas \u00e9t\u00e9 donn\u00e9 suite \u00e0 sa demande d\u2019exercice de ses droits peut introduire une lettre de r\u00e9clamation aupr\u00e8s de l\u2019Agencia Espa\u00f1ola de Protecci\u00f3n de Datos, \u00e0 l\u2019adresse postale suivante : c\/ Jorge Juan, n\u00ba 6, 28001-Madrid (Espagne), ou bien encore sur le site web de cet organisme, via le <a href=\"https:\/\/sedeagpd.gob.es\/sede-electronica-web\/vistas\/infoSede\/tramitesEntidad.jsf\">lien suivant<\/a><\/p>\n<p>\n<strong>MESURES DE S\u00c9CURIT\u00c9<\/strong><\/p>\n<p>GLE, S.L. a adopt\u00e9 les mesures de s\u00e9curit\u00e9 pour la protection des donn\u00e9es personnelles pr\u00e9vues par la loi ainsi que les mesures techniques et organisationnelles pr\u00e9vues par le D\u00e9cret royal n\u00ba 1720\/2007 portant approbation du R\u00e8glement pris en application de la Loi organique n\u00ba 15\/1999 du 13 d\u00e9cembre 1999 relative \u00e0 la protection des donn\u00e9es \u00e0 caract\u00e8re personnel, et a mis en place tous les moyens et mesures de s\u00e9curit\u00e9 disponibles afin d\u2019\u00e9viter la perte, l\u2019utilisation illicite, l\u2019alt\u00e9ration, l\u2019acc\u00e8s non-autoris\u00e9 et le vol des donn\u00e9es fournies via le site. Cela \u00e9tant, l\u2019utilisateur d\u00e9clare avoir conscience que les mesures de s\u00e9curit\u00e9 sur Internet ne sont pas infaillibles.<\/p>\n<p>GLE, S.L. s\u2019engage \u00e0 notifier aux personnes concern\u00e9es toute violation de la s\u00e9curit\u00e9 de leurs donn\u00e9es personnelles, dans les cas, d\u00e9lais et conditions vis\u00e9s aux articles 33 et 34 du R\u00e8glement europ\u00e9en relatif \u00e0 la protection des donn\u00e9es.<\/p>\n<p><strong>UTILISATION DES COOKIES:<\/strong><\/p>\n<p>GLE, S.L. informe par la pr\u00e9sente les utilisateurs qu\u2019il utilise des cookies lorsque l\u2019utilisateur parcourt les diff\u00e9rents \u00e9crans et pages du site. Il s\u2019agit de petits fichiers de donn\u00e9es g\u00e9n\u00e9r\u00e9s dans l\u2019ordinateur de l\u2019utilisateur et qui nous permettent d\u2019obtenir l\u2019information suivante : reconna\u00eetre les utilisateurs qui se sont enregistr\u00e9s de sorte \u00e0 pouvoir leur offrir un service plus performant et personnalis\u00e9.<\/p>\n<p>Par ailleurs, les cookies servent \u00e0 savoir \u00e0 quelle date et \u00e0 quelle heure l\u2019utilisateur a visit\u00e9 la derni\u00e8re fois le site, \u00e0 mesurer certains param\u00e8tres de trafic sur le site lui-m\u00eame et \u00e0 \u00e9valuer le nombre de visites effectu\u00e9es.<\/p>\n<p>L\u2019Utilisateur peut, s\u2019il le souhaite, configurer son navigateur afin qu\u2019il l\u2019avertisse par pop-up de l\u2019utilisation de cookies et d\u2019emp\u00eacher l\u2019installation de cookies sur son disque dur. Cela \u00e9tant, l\u2019entreprise ne peut \u00eatre tenue responsable du fait que la d\u00e9sactivation des cookies nuise au bon fonctionnement du site.<\/p>\n<p>Veuillez prendre connaissance des instructions et param\u00e8tres de votre navigateur pour en savoir plus sur ce sujet. Pour utiliser le Portail, il n\u2019est pas n\u00e9cessaire que l\u2019Utilisateur consente \u00e0 l\u2019installation des cookies envoy\u00e9s par GLE, S.L.. Cela \u00e9tant, s\u2019il n\u2019y consent pas, l\u2019Utilisateur devra alors s\u2019enregistrer en tant qu\u2019utilisateur chaque fois qu\u2019il demandera un service dont la prestation est soumise \u00e0 un enregistrement pr\u00e9alable. En outre, il est fort probable que le site ne fonctionne pas correctement en cas de refus d\u2019un tel consentement.<\/p>\n<\/div><div class=\"fusion-clearfix\"><\/div><\/div><\/div><\/div><\/div>\n","protected":false},"excerpt":{"rendered":"","protected":false},"author":1,"featured_media":0,"parent":0,"menu_order":0,"comment_status":"closed","ping_status":"closed","template":"","meta":{"_monsterinsights_skip_tracking":false,"_monsterinsights_sitenote_active":false,"_monsterinsights_sitenote_note":"","_monsterinsights_sitenote_category":0,"footnotes":"","_links_to":"","_links_to_target":""},"class_list":["post-6599","page","type-page","status-publish","hentry"],"acf":[],"yoast_head":"<!-- This site is optimized with the Yoast SEO plugin v25.0 - https:\/\/yoast.com\/wordpress\/plugins\/seo\/ -->\n<title>Politique de confidentialit\u00e9 - Ascensores Completos | Ascensores de Pasajeros | Montacargas | Cabinas \u00bb Global Lift Equipment-European Lifts Manufacturer<\/title>\n<meta name=\"robots\" content=\"index, follow, max-snippet:-1, max-image-preview:large, max-video-preview:-1\" \/>\n<link rel=\"canonical\" href=\"https:\/\/gle-lifts.com\/fr\/politique-de-confidentialite\/\" \/>\n<meta property=\"og:locale\" content=\"fr_FR\" \/>\n<meta property=\"og:type\" content=\"article\" \/>\n<meta property=\"og:title\" content=\"Politique de confidentialit\u00e9 - Ascensores Completos | Ascensores de Pasajeros | Montacargas | Cabinas \u00bb Global Lift Equipment-European Lifts Manufacturer\" \/>\n<meta property=\"og:url\" content=\"https:\/\/gle-lifts.com\/fr\/politique-de-confidentialite\/\" \/>\n<meta property=\"og:site_name\" content=\"Ascensores Completos | Ascensores de Pasajeros | Montacargas | Cabinas \u00bb Global Lift Equipment-European Lifts Manufacturer\" \/>\n<meta property=\"article:modified_time\" content=\"2020-11-23T18:13:05+00:00\" \/>\n<meta name=\"twitter:card\" content=\"summary_large_image\" \/>\n<meta name=\"twitter:label1\" content=\"Dur\u00e9e de lecture estim\u00e9e\" \/>\n\t<meta name=\"twitter:data1\" content=\"11 minutes\" \/>\n<script type=\"application\/ld+json\" class=\"yoast-schema-graph\">{\"@context\":\"https:\/\/schema.org\",\"@graph\":[{\"@type\":\"WebPage\",\"@id\":\"https:\/\/gle-lifts.com\/fr\/politique-de-confidentialite\/\",\"url\":\"https:\/\/gle-lifts.com\/fr\/politique-de-confidentialite\/\",\"name\":\"Politique de confidentialit\u00e9 - Ascensores Completos | Ascensores de Pasajeros | Montacargas | Cabinas \u00bb Global Lift Equipment-European Lifts Manufacturer\",\"isPartOf\":{\"@id\":\"https:\/\/gle-lifts.com\/#website\"},\"datePublished\":\"2020-06-29T08:09:39+00:00\",\"dateModified\":\"2020-11-23T18:13:05+00:00\",\"breadcrumb\":{\"@id\":\"https:\/\/gle-lifts.com\/fr\/politique-de-confidentialite\/#breadcrumb\"},\"inLanguage\":\"fr-FR\",\"potentialAction\":[{\"@type\":\"ReadAction\",\"target\":[\"https:\/\/gle-lifts.com\/fr\/politique-de-confidentialite\/\"]}]},{\"@type\":\"BreadcrumbList\",\"@id\":\"https:\/\/gle-lifts.com\/fr\/politique-de-confidentialite\/#breadcrumb\",\"itemListElement\":[{\"@type\":\"ListItem\",\"position\":1,\"name\":\"GLE\",\"item\":\"https:\/\/gle-lifts.com\/fr\/\"},{\"@type\":\"ListItem\",\"position\":2,\"name\":\"Politique de confidentialit\u00e9\"}]},{\"@type\":\"WebSite\",\"@id\":\"https:\/\/gle-lifts.com\/#website\",\"url\":\"https:\/\/gle-lifts.com\/\",\"name\":\"Ascensores Completos | Ascensores de Pasajeros | Montacargas | Cabinas \u00bb Global Lift Equipment-European Lifts Manufacturer\",\"description\":\"Global Lift Equipment-European Lifts Manufacturer\",\"potentialAction\":[{\"@type\":\"SearchAction\",\"target\":{\"@type\":\"EntryPoint\",\"urlTemplate\":\"https:\/\/gle-lifts.com\/?s={search_term_string}\"},\"query-input\":{\"@type\":\"PropertyValueSpecification\",\"valueRequired\":true,\"valueName\":\"search_term_string\"}}],\"inLanguage\":\"fr-FR\"}]}<\/script>\n<!-- \/ Yoast SEO plugin. -->","yoast_head_json":{"title":"Politique de confidentialit\u00e9 - Ascensores Completos | Ascensores de Pasajeros | Montacargas | Cabinas \u00bb Global Lift Equipment-European Lifts Manufacturer","robots":{"index":"index","follow":"follow","max-snippet":"max-snippet:-1","max-image-preview":"max-image-preview:large","max-video-preview":"max-video-preview:-1"},"canonical":"https:\/\/gle-lifts.com\/fr\/politique-de-confidentialite\/","og_locale":"fr_FR","og_type":"article","og_title":"Politique de confidentialit\u00e9 - Ascensores Completos | Ascensores de Pasajeros | Montacargas | Cabinas \u00bb Global Lift Equipment-European Lifts Manufacturer","og_url":"https:\/\/gle-lifts.com\/fr\/politique-de-confidentialite\/","og_site_name":"Ascensores Completos | Ascensores de Pasajeros | Montacargas | Cabinas \u00bb Global Lift Equipment-European Lifts Manufacturer","article_modified_time":"2020-11-23T18:13:05+00:00","twitter_card":"summary_large_image","twitter_misc":{"Dur\u00e9e de lecture estim\u00e9e":"11 minutes"},"schema":{"@context":"https:\/\/schema.org","@graph":[{"@type":"WebPage","@id":"https:\/\/gle-lifts.com\/fr\/politique-de-confidentialite\/","url":"https:\/\/gle-lifts.com\/fr\/politique-de-confidentialite\/","name":"Politique de confidentialit\u00e9 - Ascensores Completos | Ascensores de Pasajeros | Montacargas | Cabinas \u00bb Global Lift Equipment-European Lifts Manufacturer","isPartOf":{"@id":"https:\/\/gle-lifts.com\/#website"},"datePublished":"2020-06-29T08:09:39+00:00","dateModified":"2020-11-23T18:13:05+00:00","breadcrumb":{"@id":"https:\/\/gle-lifts.com\/fr\/politique-de-confidentialite\/#breadcrumb"},"inLanguage":"fr-FR","potentialAction":[{"@type":"ReadAction","target":["https:\/\/gle-lifts.com\/fr\/politique-de-confidentialite\/"]}]},{"@type":"BreadcrumbList","@id":"https:\/\/gle-lifts.com\/fr\/politique-de-confidentialite\/#breadcrumb","itemListElement":[{"@type":"ListItem","position":1,"name":"GLE","item":"https:\/\/gle-lifts.com\/fr\/"},{"@type":"ListItem","position":2,"name":"Politique de confidentialit\u00e9"}]},{"@type":"WebSite","@id":"https:\/\/gle-lifts.com\/#website","url":"https:\/\/gle-lifts.com\/","name":"Ascensores Completos | Ascensores de Pasajeros | Montacargas | Cabinas \u00bb Global Lift Equipment-European Lifts Manufacturer","description":"Global Lift Equipment-European Lifts Manufacturer","potentialAction":[{"@type":"SearchAction","target":{"@type":"EntryPoint","urlTemplate":"https:\/\/gle-lifts.com\/?s={search_term_string}"},"query-input":{"@type":"PropertyValueSpecification","valueRequired":true,"valueName":"search_term_string"}}],"inLanguage":"fr-FR"}]}},"_links":{"self":[{"href":"https:\/\/gle-lifts.com\/fr\/wp-json\/wp\/v2\/pages\/6599","targetHints":{"allow":["GET"]}}],"collection":[{"href":"https:\/\/gle-lifts.com\/fr\/wp-json\/wp\/v2\/pages"}],"about":[{"href":"https:\/\/gle-lifts.com\/fr\/wp-json\/wp\/v2\/types\/page"}],"author":[{"embeddable":true,"href":"https:\/\/gle-lifts.com\/fr\/wp-json\/wp\/v2\/users\/1"}],"replies":[{"embeddable":true,"href":"https:\/\/gle-lifts.com\/fr\/wp-json\/wp\/v2\/comments?post=6599"}],"version-history":[{"count":0,"href":"https:\/\/gle-lifts.com\/fr\/wp-json\/wp\/v2\/pages\/6599\/revisions"}],"wp:attachment":[{"href":"https:\/\/gle-lifts.com\/fr\/wp-json\/wp\/v2\/media?parent=6599"}],"curies":[{"name":"wp","href":"https:\/\/api.w.org\/{rel}","templated":true}]}}